{"id":1038,"date":"2016-04-14T10:57:32","date_gmt":"2016-04-14T09:57:32","guid":{"rendered":"http:\/\/www.kodro.es\/blog\/?page_id=1038"},"modified":"2016-04-14T10:57:32","modified_gmt":"2016-04-14T09:57:32","slug":"francisco-javier-hernandez-ferreiro","status":"publish","type":"page","link":"https:\/\/www.kodro.es\/blog\/francisco-javier-hernandez-ferreiro\/","title":{"rendered":"Francisco Javier Hern\u00e1ndez Ferreiro"},"content":{"rendered":"<h2><img loading=\"lazy\" decoding=\"async\" class=\"alignright wp-image-1039 \" style=\"float: right;\" src=\"http:\/\/www.kodro.es\/blog\/wp-content\/images\/foto_ecuador-251x300.png\" alt=\"Foto - Javier\" width=\"100\" height=\"120\" srcset=\"https:\/\/www.kodro.es\/blog\/wp-content\/images\/foto_ecuador-251x300.png 251w, https:\/\/www.kodro.es\/blog\/wp-content\/images\/foto_ecuador.png 329w\" sizes=\"auto, (max-width: 100px) 100vw, 100px\" \/><span style=\"font-size: 70%;\">Ing. de sistemas inform\u00e1ticos por la U.P.M.<br \/>\nFreelance \/ Consultor\u00eda en sistemas de informaci\u00f3n y log\u00edstica<\/span><\/h2>\n<p><a href=\"mailto:javier@kodro.es?subject=Contacto%20desde%20kodro.es\">mailto: javier at kodro.es<br \/>\n<\/a><\/p>\n<h2>Experiencia laboral<\/h2>\n<h4><strong>Jefe de proyectos en 2020 Mobile Group \u2013 BRIGHTSTAR [06\/2008 &#8211;\u00a003\/2016]<\/strong><\/h4>\n<h4>Direcci\u00f3n de equipos. Gesti\u00f3n de clientes y ofertas. Documentaci\u00f3n.<br \/>\nPlanificaci\u00f3n, an\u00e1lisis, dise\u00f1o e implantaci\u00f3n de sistemas inform\u00e1ticos.<\/h4>\n<ul style=\"font-size: small;\">\n<li>ERP de la compa\u00f1\u00eda (TETRA y JDE).<\/li>\n<li>Sistema de gesti\u00f3n de almac\u00e9n (SGA \u2013 EasyLog).<\/li>\n<li>Integraci\u00f3n de transportistas con ERP y SGA (Mule+Activity+VB.Net).<\/li>\n<li>Optimizaci\u00f3n de la cadena de suministro y gesti\u00f3n log\u00edstica.<\/li>\n<li>Log\u00edstica inversa. Postventa. RMA.<\/li>\n<\/ul>\n<hr \/>\n<h4><strong>Analista-Programador senior en DEXTRA &#8211; 2020 Mobile [03\/2007 &#8211; 06\/2008]<\/strong><\/h4>\n<h4>Planificaci\u00f3n, an\u00e1lisis, dise\u00f1o y desarrollo (VB.Net+ASP.Net+SQL SERVER) de las distintas aplicaciones de gesti\u00f3n de log\u00edstica de la compa\u00f1\u00eda. Testing y SQA.<\/h4>\n<hr \/>\n<h4><strong>Analista-Programador senior en OLECENTER \u2013 CAP GEMINI [02\/2000 &#8211;\u00a003\/2007]<\/strong><\/h4>\n<h4>An\u00e1lisis, dise\u00f1o y desarrollo (DHTML+VB+VB.Net+SQL SERVER) de la aplicaci\u00f3n OLE: Soluci\u00f3n de gesti\u00f3n que comprende los m\u00f3dulos de acogida, misi\u00f3n, contrataci\u00f3n, facturaci\u00f3n, timesheets, n\u00f3minas, pagos, cobros, etc. de la ETT Adecco a nivel mundial.<br \/>\nAn\u00e1lisis, dise\u00f1o y desarrollo de otras soluciones sat\u00e9lite-perif\u00e9ricas e integraci\u00f3n.<br \/>\nPlanificaci\u00f3n y gesti\u00f3n de proyectos, testing y calidad del software (SQA).<\/h4>\n<hr \/>\n<h4><strong>Programador en\u00a0CANALDATA \u2013 GENETSYS [05\/1999 &#8211;\u00a002\/2000]<\/strong><\/h4>\n<h4>Consultor\u00eda en el departamento de inform\u00e1tica de Repsol-YPF para el desarrollo (DHTML+ASP+ORACLE) de la aplicaci\u00f3n de fuerza de ventas de la petrolera.<\/h4>\n<hr \/>\n<h4><strong>Profesor de inform\u00e1tica y ofim\u00e1tica en Academia\u00a0JUYMAR [09\/1998 &#8211;\u00a005\/1999]<\/strong><\/h4>\n<h4>Ense\u00f1anza de sistemas operativos y ofim\u00e1tica (DOS, Win, Office) y programaci\u00f3n (Visual Basic). Introducci\u00f3n al dise\u00f1o asistido por ordenador (3D Studio) y arquitectura de ordenadores.<\/h4>\n<hr \/>\n<h4><strong>Becario en GF SEIS [06\/1998 &#8211; 08\/1998]<\/strong><\/h4>\n<h4>Mantenimiento y administraci\u00f3n de la LAN corporativa. Mantenimiento de sistemas. Configuraci\u00f3n y mantenimiento del sistema de correo (Lotus Notes), antivirus (Panda).<br \/>\nFormador de Inform\u00e1tica\/Ofim\u00e1tica.<\/h4>\n<h2>Conocimientos t\u00e9cnicos<\/h2>\n<h3><strong><span style=\"text-decoration: underline;\">Bases de datos: <\/span><\/strong><\/h3>\n<h4>MS SQL Server &#8211; ORACLE &#8211; MySQL &#8211; PostGreSQL &#8211; MongoDB<\/h4>\n<h3><strong><span style=\"text-decoration: underline;\">Servers:<\/span><\/strong><\/h3>\n<h4>Windows \u2013 Unix &#8211; Linux (Ubuntu &#8211; Debian)<\/h4>\n<h3><strong><span style=\"text-decoration: underline;\">Programming:<\/span><\/strong><\/h3>\n<h4>C# &#8211; VB.Net \u2013 ASP &#8211; Javascript &#8211; JAVA \u2013 PHP \u2013 PL\/SQL &#8211; Python<\/h4>\n<h3><strong><span style=\"text-decoration: underline;\">Web:<\/span><\/strong><\/h3>\n<h4>HTML \u2013 CSS &#8211; XML &#8211; XSL \u2013 AJAX \u2013 Jquery &#8211; NodeJS<\/h4>\n<h3><strong><span style=\"text-decoration: underline;\">ERP:<\/span><\/strong><\/h3>\n<h4>TETRA \u2013 JDE \u2013 OpenERP (Oddo)<\/h4>\n<h3><span style=\"text-decoration: underline;\"><strong>ESB\/BPM:<\/strong><\/span><\/h3>\n<h4>Mule \u2013 Biztalk &#8211; Activity<\/h4>\n<h3><span style=\"text-decoration: underline;\"><strong>Others:<\/strong><\/span><\/h3>\n<h4>Subversion &#8211; SourceSafe \u2013 BackupPC \u2013 VirtualBox &#8211; Jenkins &#8211; Office \u2013 PhotoShop &#8211; GIMP<\/h4>\n","protected":false},"excerpt":{"rendered":"<p>Ing. de sistemas inform\u00e1ticos por la U.P.M. Freelance \/ Consultor\u00eda en sistemas de informaci\u00f3n y log\u00edstica mailto: javier at kodro.es Experiencia laboral Jefe de proyectos en 2020 Mobile Group \u2013 BRIGHTSTAR [06\/2008 &#8211;\u00a003\/2016] Direcci\u00f3n de equipos. Gesti\u00f3n de clientes y &hellip; <a href=\"https:\/\/www.kodro.es\/blog\/francisco-javier-hernandez-ferreiro\/\">Sigue leyendo <span class=\"meta-nav\">&rarr;<\/span><\/a><\/p>\n","protected":false},"author":1,"featured_media":0,"parent":0,"menu_order":0,"comment_status":"closed","ping_status":"closed","template":"","meta":{"ngg_post_thumbnail":0,"jetpack_post_was_ever_published":false,"footnotes":""},"class_list":["post-1038","page","type-page","status-publish","hentry"],"jetpack_shortlink":"https:\/\/wp.me\/P2PaDf-gK","jetpack_sharing_enabled":true,"jetpack-related-posts":[],"_links":{"self":[{"href":"https:\/\/www.kodro.es\/blog\/wp-json\/wp\/v2\/pages\/1038","targetHints":{"allow":["GET"]}}],"collection":[{"href":"https:\/\/www.kodro.es\/blog\/wp-json\/wp\/v2\/pages"}],"about":[{"href":"https:\/\/www.kodro.es\/blog\/wp-json\/wp\/v2\/types\/page"}],"author":[{"embeddable":true,"href":"https:\/\/www.kodro.es\/blog\/wp-json\/wp\/v2\/users\/1"}],"replies":[{"embeddable":true,"href":"https:\/\/www.kodro.es\/blog\/wp-json\/wp\/v2\/comments?post=1038"}],"version-history":[{"count":20,"href":"https:\/\/www.kodro.es\/blog\/wp-json\/wp\/v2\/pages\/1038\/revisions"}],"predecessor-version":[{"id":1059,"href":"https:\/\/www.kodro.es\/blog\/wp-json\/wp\/v2\/pages\/1038\/revisions\/1059"}],"wp:attachment":[{"href":"https:\/\/www.kodro.es\/blog\/wp-json\/wp\/v2\/media?parent=1038"}],"curies":[{"name":"wp","href":"https:\/\/api.w.org\/{rel}","templated":true}]}}